{"id":15,"date":"2023-06-26T15:21:34","date_gmt":"2023-06-26T15:21:34","guid":{"rendered":"https:\/\/emw.flu.cas.cz\/?page_id=15"},"modified":"2024-11-21T14:56:56","modified_gmt":"2024-11-21T14:56:56","slug":"organizers","status":"publish","type":"page","link":"https:\/\/emw.flu.cas.cz\/?page_id=15","title":{"rendered":"Organizers"},"content":{"rendered":"\n<p class=\"has-text-align-center\"><strong>Local Organizing Committee<\/strong><br>Vladim\u00edr Havl\u00edk<br>Tom\u00e1\u0161 H\u0159\u00edbek<br>Juraj Hvoreck\u00fd<br>Tom\u00e1\u0161 Marvan<br>Jakub Mih\u00e1lik<br>Martin Zach<\/p>\n\n\n\n<p class=\"has-text-align-center\"><strong>International Advisory Board<\/strong><br>Tim Crane (CEU)<br>Konrad Talmont-Kaminsky (Bialystok)<br>Friedrich Stadler (Vienna)<br>Mari\u00e1n Zouhar (Bratislava)<br>Zsofia Zvolenszky (Budapest)<br>Hong Yu Wong (T\u00fcbingen)<\/p>\n","protected":false},"excerpt":{"rendered":"<p>Local Organizing CommitteeVladim\u00edr Havl\u00edkTom\u00e1\u0161 H\u0159\u00edbekJuraj Hvoreck\u00fdTom\u00e1\u0161 MarvanJakub Mih\u00e1likMartin Zach International Advisory BoardTim Crane (CEU)Konrad Talmont-Kaminsky (Bialystok)Friedrich&#8230;<\/p>\n","protected":false},"author":1,"featured_media":0,"parent":0,"menu_order":0,"comment_status":"closed","ping_status":"closed","template":"","meta":{"footnotes":""},"class_list":["post-15","page","type-page","status-publish","hentry","no-thumbnail"],"_links":{"self":[{"href":"https:\/\/emw.flu.cas.cz\/index.php?rest_route=\/wp\/v2\/pages\/15","targetHints":{"allow":["GET"]}}],"collection":[{"href":"https:\/\/emw.flu.cas.cz\/index.php?rest_route=\/wp\/v2\/pages"}],"about":[{"href":"https:\/\/emw.flu.cas.cz\/index.php?rest_route=\/wp\/v2\/types\/page"}],"author":[{"embeddable":true,"href":"https:\/\/emw.flu.cas.cz\/index.php?rest_route=\/wp\/v2\/users\/1"}],"replies":[{"embeddable":true,"href":"https:\/\/emw.flu.cas.cz\/index.php?rest_route=%2Fwp%2Fv2%2Fcomments&post=15"}],"version-history":[{"count":3,"href":"https:\/\/emw.flu.cas.cz\/index.php?rest_route=\/wp\/v2\/pages\/15\/revisions"}],"predecessor-version":[{"id":92,"href":"https:\/\/emw.flu.cas.cz\/index.php?rest_route=\/wp\/v2\/pages\/15\/revisions\/92"}],"wp:attachment":[{"href":"https:\/\/emw.flu.cas.cz\/index.php?rest_route=%2Fwp%2Fv2%2Fmedia&parent=15"}],"curies":[{"name":"wp","href":"https:\/\/api.w.org\/{rel}","templated":true}]}}